{"id":248,"date":"2024-05-20T10:38:49","date_gmt":"2024-05-20T08:38:49","guid":{"rendered":"https:\/\/carontesandbox.com\/kayati\/legal-warning\/"},"modified":"2024-05-20T13:42:52","modified_gmt":"2024-05-20T11:42:52","slug":"legal-warning","status":"publish","type":"page","link":"https:\/\/kayati.com\/en\/legal-warning\/","title":{"rendered":"Legal warning"},"content":{"rendered":"\n<p>Bienvenido a la p\u00e1gina web de KAYATI SL, con domicilio en Calle A n\u00ba 5 local 1 &#8211; Pol\u00edgono Industrial San Jos\u00e9 de los Llanos &#8211; E-01230 Nanclares de la Oca &#8211; \u00c1lava &#8211; Espa\u00f1a, NIF B01128305, tel\u00e9fono 945 14 18 00, fax 945 14 31 56 y direcci\u00f3n de correo electr\u00f3nico kayati@kayati.com<\/p>\n","protected":false},"excerpt":{"rendered":"<p>Bienvenido a la p\u00e1gina web de KAYATI SL, con domicilio en Calle A n\u00ba 5 local 1 &#8211; Pol\u00edgono Industrial San Jos\u00e9 de los Llanos &#8211; E-01230 Nanclares de la Oca &#8211; \u00c1lava &#8211; Espa\u00f1a, NIF B01128305, tel\u00e9fono 945 14 18 00, fax 945 14 31 56 y direcci\u00f3n de correo electr\u00f3nico kayati@kayati.com<\/p>\n","protected":false},"author":1,"featured_media":0,"parent":0,"menu_order":0,"comment_status":"closed","ping_status":"closed","template":"t-legal.php","meta":{"_acf_changed":false,"_monsterinsights_skip_tracking":false,"_monsterinsights_sitenote_active":false,"_monsterinsights_sitenote_note":"","_monsterinsights_sitenote_category":0,"footnotes":""},"class_list":["post-248","page","type-page","status-publish","hentry"],"acf":[],"_links":{"self":[{"href":"https:\/\/kayati.com\/en\/wp-json\/wp\/v2\/pages\/248","targetHints":{"allow":["GET"]}}],"collection":[{"href":"https:\/\/kayati.com\/en\/wp-json\/wp\/v2\/pages"}],"about":[{"href":"https:\/\/kayati.com\/en\/wp-json\/wp\/v2\/types\/page"}],"author":[{"embeddable":true,"href":"https:\/\/kayati.com\/en\/wp-json\/wp\/v2\/users\/1"}],"replies":[{"embeddable":true,"href":"https:\/\/kayati.com\/en\/wp-json\/wp\/v2\/comments?post=248"}],"version-history":[{"count":1,"href":"https:\/\/kayati.com\/en\/wp-json\/wp\/v2\/pages\/248\/revisions"}],"predecessor-version":[{"id":249,"href":"https:\/\/kayati.com\/en\/wp-json\/wp\/v2\/pages\/248\/revisions\/249"}],"wp:attachment":[{"href":"https:\/\/kayati.com\/en\/wp-json\/wp\/v2\/media?parent=248"}],"curies":[{"name":"wp","href":"https:\/\/api.w.org\/{rel}","templated":true}]}}